{"id":3830,"date":"2020-12-26T10:26:53","date_gmt":"2020-12-26T13:26:53","guid":{"rendered":"https:\/\/ederoliveira.com\/ferri\/?page_id=3830"},"modified":"2021-01-13T10:56:05","modified_gmt":"2021-01-13T13:56:05","slug":"cilindro-fcm-fcl","status":"publish","type":"page","link":"https:\/\/ederoliveira.com\/ferri\/maquinas\/cilindro-fcm-fcl\/","title":{"rendered":"Cilindro (FCM\/FCL)"},"content":{"rendered":"<div class=\"bt_bb_wrapper\"><section id=\"bt_section69d17edd3ee8e\"  class=\"boldSection bottomSemiSpaced gutter boxed inherit\" ><div class=\"port\"><div class=\"boldCell\"><div class=\"boldCellInner\"><div class=\"boldRow \" ><div class=\"boldRowInner\"><div class=\"rowItem col-md-12 col-ms-12  btTextLeft animate animate-fadein inherit\"  data-width=\"12\"><div class=\"rowItemContent\" ><div class=\"btClear btSeparator bottomSpaced noBorder\" ><hr><\/div><header class=\"header btClear large  bold\" ><div class=\"dash\"><h2><span class=\"headline\"><b class=\"animate\">Cilindro (FCM\/FCL)<\/b><\/span><\/h2><\/div><div class=\"btSubTitle\">Os Cilindros FERRI s\u00e3o indicados para sovar e homogeneizar massas de panifica\u00e7\u00e3o e similares.\r<br><\/div><\/header><div class=\"btClear btSeparator bottomSmallSpaced noBorder\" ><hr><\/div><div class=\"bpgPhoto btDefaultHoverType\" ><div class = \"btImage\"><img src=\"https:\/\/ederoliveira.com\/ferri\/wp-content\/uploads\/2020\/12\/cilindro-fcm-fcl.png\" alt=\"\" title=\"\"><\/div><\/div><div class=\"btClear btSeparator topSmallSpaced bottomSmallSpaced noBorder\" ><hr><\/div><\/div><\/div><\/div><\/div><div class=\"boldRow \" ><div class=\"boldRowInner\"><div class=\"rowItem col-md-12 col-ms-12  btTextLeft animate animate-fadein inherit\"  data-width=\"12\"><div class=\"rowItemContent\" ><div class=\"btClear btSeparator bottomSemiSpaced noBorder\" ><hr><\/div><header class=\"header btClear large  bold\" ><div class=\"dash\"><h2><span class=\"headline\"><b class=\"animate\">Porqu\u00ea escolher um Cilindro FERRI<\/b><\/span><\/h2><\/div><\/header><div class=\"btClear btSeparator bottomExtraSmallSpaced noBorder\" ><hr><\/div><\/div><\/div><\/div><\/div><div class=\"boldRow \" ><div class=\"boldRowInner\"><div class=\"rowItem col-md-6 col-sm-12 btTextLeft\"  data-width=\"6\"><div class=\"rowItemContent\" ><div class=\"btText\" ><h3><strong>Tecnologia<\/strong><\/h3>\n<p>Equipado com painel de comando tipo membrana ou opcional com bot\u00f5es para controle liga\/desliga. A regulagem de abertura dos rolos \u00e9 realizada atrav\u00e9s de engrenagens em caixa de lubrifica\u00e7\u00e3o blindada e volante de giro leve e macio. O equipamento possui todos os sistemas de seguran\u00e7a previstos pela NR-12.<\/p>\n<h3><strong>Constru\u00e7\u00e3o<\/strong><\/h3>\n<p>Estrutura e carca\u00e7a constru\u00eddas em a\u00e7o carbono, com pintura ep\u00f3xi de alta resist\u00eancia \u00e0 abras\u00e3o e corros\u00e3o, podendo ser opcionalmente em a\u00e7o inoxid\u00e1vel 304. Rolos em ferro fundido com acabamento em cromo duro. Mesa e prote\u00e7\u00f5es em a\u00e7o inoxid\u00e1vel. Abas em polietileno de alta resist\u00eancia branco, al\u00e9m de frenagem instant\u00e2nea. P\u00e9s em a\u00e7o inoxid\u00e1vel e niveladores com sistema anti-vibra\u00e7\u00e3o. Alimenta\u00e7\u00e3o el\u00e9trica em 220V ou 380V trif\u00e1sico, ou 220V monof\u00e1sico.<\/p>\n<\/div><div class=\"btClear btSeparator bottomSmallSpaced noBorder\" ><hr><\/div><\/div><\/div><div class=\"rowItem col-md-6 col-sm-12 btTextLeft\"  data-width=\"6\"><div class=\"rowItemContent\" ><div class=\"btText\" ><h3><strong>Diferenciais<\/strong><\/h3>\n<p>\u2022 Robustez com alta tecnologia. Conjunto mec\u00e2nico e sistemas el\u00e9tricos projetados para resistir \u00e0 opera\u00e7\u00f5es de longas jornadas de trabalho;<br \/>\n\u2022 O ajuste preciso entre rolos garante um perfeito sovamento, para todos os tipos de massas, com menor n\u00famero de opera\u00e7\u00f5es de cilindragem;<br \/>\n\u2022 Sistema de limpeza de sobras de massas com gaveta, n\u00e3o necessitando desmontagem de partes por t\u00e9cnico especializado;<br \/>\n\u2022 Recipiente de farinha remov\u00edvel.<\/p>\n<\/div><div class=\"btClear btSeparator bottomSmallSpaced noBorder\" ><hr><\/div><\/div><\/div><\/div><\/div><div class=\"boldRow \" ><div class=\"boldRowInner\"><div class=\"rowItem col-md-12 col-ms-12  btTextLeft\"  data-width=\"12\"><div class=\"rowItemContent\" ><div class=\"btClear btSeparator topSmallSpaced bottomSmallSpaced border\" ><hr><\/div><div class=\"btClear btSeparator bottomSmallSpaced noBorder\" ><hr><\/div><\/div><\/div><\/div><\/div><div class=\"boldRow \" ><div class=\"boldRowInner\"><div class=\"rowItem col-md-6 col-sm-12 btTextLeft animate animate-fadein inherit\"  data-width=\"6\"><div class=\"rowItemContent\" ><div class=\"bpgPhoto btDefaultHoverType\" ><div class = \"btImage\"><img src=\"https:\/\/ederoliveira.com\/ferri\/wp-content\/uploads\/2020\/12\/fcm-02.png\" alt=\"\" title=\"\"><\/div><\/div><div class=\"btClear btSeparator bottomSmallSpaced noBorder\" ><hr><\/div><\/div><\/div><div class=\"rowItem col-md-6 col-sm-12 btTextLeft animate animate-fadein inherit\"  data-width=\"6\"><div class=\"rowItemContent\" ><div class=\"bpgPhoto btDefaultHoverType\" ><div class = \"btImage\"><img src=\"https:\/\/ederoliveira.com\/ferri\/wp-content\/uploads\/2020\/12\/fcm-01.png\" alt=\"\" title=\"\"><\/div><\/div><div class=\"btClear btSeparator bottomSmallSpaced noBorder\" ><hr><\/div><\/div><\/div><\/div><\/div><div class=\"boldRow \" ><div class=\"boldRowInner\"><div class=\"rowItem col-md-12 col-ms-12  btTextLeft\"  data-width=\"12\"><div class=\"rowItemContent\" ><div class=\"btClear btSeparator topSmallSpaced bottomSmallSpaced border\" ><hr><\/div><div class=\"btClear btSeparator bottomSmallSpaced noBorder\" ><hr><\/div><\/div><\/div><\/div><\/div><div class=\"boldRow \" ><div class=\"boldRowInner\"><div class=\"rowItem col-md-12 col-ms-12  btTextLeft\"  data-width=\"12\"><div class=\"rowItemContent\" ><header class=\"header btClear large  bold\" ><div class=\"btSuperTitle\"><span>Informa\u00e7\u00f5es t\u00e9cnicas<\/span><\/div><div class=\"dash\"><h2><span class=\"headline\"><b class=\"animate\">Especifica\u00e7\u00f5es<\/b><\/span><\/h2><\/div><\/header><div class=\"btClear btSeparator bottomSmallSpaced noBorder\" ><hr><\/div><\/div><\/div><\/div><\/div><div class=\"boldRow \" ><div class=\"boldRowInner\"><div class=\"rowItem col-md-6 col-sm-12 btTextLeft\"  data-width=\"6\"><div class=\"rowItemContent\" ><div class=\"btClear btSeparator bottomSmallSpaced noBorder\" ><hr><\/div><a href=\"#\" class=\"btBtn btBtn btnOutlineStyle btnNormalColor btnSmall btnFullWidth btnRightPosition btnIco\" ><span class=\"btnInnerText\">Suporte T\u00e9cnico<\/span><span class=\"btIco \"><span  data-ico-fa=\"&#xf061;\" class=\"btIcoHolder\"><\/span><\/span><\/a><div class=\"btClear btSeparator bottomExtraSmallSpaced noBorder\" ><hr><\/div><\/div><\/div><div class=\"rowItem col-md-6 col-sm-12 btTextLeft\"  data-width=\"6\"><div class=\"rowItemContent\" ><div class=\"btClear btSeparator bottomSmallSpaced noBorder\" ><hr><\/div><a href=\"https:\/\/ederoliveira.com\/ferri\/wp-content\/uploads\/2021\/01\/FCM-FCL-Manual.pdf\" class=\"btBtn btBtn btnOutlineStyle btnAccentColor btnSmall btnFullWidth btnRightPosition btnIco\" ><span class=\"btnInnerText\">Download Manual (PDF)<\/span><span class=\"btIco \"><span  data-ico-fa=\"&#xf063;\" class=\"btIcoHolder\"><\/span><\/span><\/a><div class=\"btClear btSeparator bottomExtraSmallSpaced noBorder\" ><hr><\/div><\/div><\/div><\/div><\/div><div class=\"boldRow \" ><div class=\"boldRowInner\"><div class=\"rowItem col-md-12 col-ms-12  btTextLeft\"  data-width=\"12\"><div class=\"rowItemContent\" ><div class=\"btClear btSeparator bottomSmallSpaced noBorder\" ><hr><\/div><div class=\"btText\" ><div class=\"wptb-table-container wptb-table-4050\"><div class=\"wptb-table-container-matrix\"><table class=\"wptb-preview-table wptb-element-main-table_setting-3428 edit-active\" data-reconstraction=\"0\" style=\"border-width: 0px; border-style: solid; border-image: initial;\" data-wptb-table-tds-sum-max-width=\"320\" data-wptb-cells-width-auto-count=\"8\" role=\"table\" data-wptb-responsive-directives=\"eyJyZXNwb25zaXZlRW5hYmxlZCI6dHJ1ZSwicmVzcG9uc2l2ZU1vZGUiOiJhdXRvIiwicHJlc2VydmVSb3dDb2xvciI6ZmFsc2UsInJlbGF0aXZlV2lkdGgiOiJ3aW5kb3ciLCJoZWFkZXJGdWxseU1lcmdlZCI6ZmFsc2UsIm1vZGVPcHRpb25zIjp7ImF1dG8iOnsidG9wUm93QXNIZWFkZXIiOnsiZGVza3RvcCI6ZmFsc2UsInRhYmxldCI6ZmFsc2UsIm1vYmlsZSI6ZmFsc2V9LCJyZXBlYXRNZXJnZWRIZWFkZXIiOnsiZGVza3RvcCI6dHJ1ZSwidGFibGV0Ijp0cnVlLCJtb2JpbGUiOnRydWV9LCJzdGF0aWNUb3BSb3ciOnsiZGVza3RvcCI6ZmFsc2UsInRhYmxldCI6ZmFsc2UsIm1vYmlsZSI6ZmFsc2V9LCJjZWxsU3RhY2tEaXJlY3Rpb24iOnsiZGVza3RvcCI6InJvdyIsInRhYmxldCI6InJvdyIsIm1vYmlsZSI6InJvdyJ9LCJjZWxsc1BlclJvdyI6eyJkZXNrdG9wIjoxLCJ0YWJsZXQiOjEsIm1vYmlsZSI6MX19fSwiYnJlYWtwb2ludHMiOnsiZGVza3RvcCI6eyJuYW1lIjoiZGVza3RvcCIsIndpZHRoIjoxMDI0fSwidGFibGV0Ijp7Im5hbWUiOiJ0YWJsZXQiLCJ3aWR0aCI6NzAwfSwibW9iaWxlIjp7Im5hbWUiOiJtb2JpbGUiLCJ3aWR0aCI6MzAwfX19\" data-wptb-adaptive-table=\"0\" data-wptb-td-width-auto=\"10\" data-wptb-header-background-color=\"#de9d43\" data-table-columns=\"8\" data-wptb-even-row-background-color=\"\" data-wptb-odd-row-background-color=\"\" data-wptb-fixed-width-size=\"0\"><tbody><tr class=\"wptb-row\" style=\"background-color: rgb(222, 157, 67);\" data-wptb-bg-color=\"#de9d43\"><td class=\"wptb-cell\" data-y-index=\"0\" data-x-index=\"0\" style=\"border-width: 1px;\" data-wptb-css-td-auto-width=\"true\" colspan=\"1\" rowspan=\"1\"><div class=\"wptb-text-container wptb-ph-element wptb-element-text-2\" style=\"font-size: 12px; color: rgb(255, 255, 255);\"><div class=\"\" style=\"position: relative;\"><p style=\"text-align: center;\" class=\"\"><strong>Modelo<\/strong><\/p><\/div><\/div><\/td><td class=\"wptb-cell\" data-y-index=\"0\" data-x-index=\"1\" style=\"border-width: 1px;\" data-wptb-css-td-auto-width=\"true\" colspan=\"3\" rowspan=\"1\"><div class=\"wptb-text-container wptb-ph-element wptb-element-text-3\" style=\"font-size: 12px; color: rgb(255, 255, 255);\"><div class=\"\" style=\"position: relative;\"><p style=\"text-align: center;\" class=\"\"><strong>Medidas Externas <\/strong><strong>(m)<\/strong><\/p><\/div><\/div><\/td><td class=\"wptb-cell\" data-y-index=\"0\" data-x-index=\"4\" style=\"border-width: 1px;\" data-wptb-css-td-auto-width=\"true\"><div class=\"wptb-text-container wptb-ph-element wptb-element-text-4\" style=\"font-size: 12px; color: rgb(255, 255, 255);\"><div class=\"\" style=\"position: relative;\"><p style=\"text-align: center;\" class=\"\"><strong>Peso (kg)<\/strong><\/p><\/div><\/div><\/td><td class=\"wptb-cell\" style=\"border-width: 1px;\" data-x-index=\"5\" data-y-index=\"0\" data-wptb-css-td-auto-width=\"true\"><div class=\"wptb-text-container wptb-ph-element wptb-element-text-81\" style=\"font-size: 12px; color: rgb(255, 255, 255);\"><div class=\"\" style=\"position: relative;\"><p style=\"text-align: center;\"><strong>Pot\u00eancia (CV)<\/strong><\/p><\/div><\/div><\/td><td class=\"wptb-cell\" data-y-index=\"0\" data-x-index=\"6\" style=\"border-width: 1px;\" data-wptb-css-td-auto-width=\"true\"><div class=\"wptb-text-container wptb-ph-element wptb-element-text-5\" style=\"font-size: 12px; color: rgb(255, 255, 255);\"><div class=\"\" style=\"position: relative;\"><p style=\"text-align: center;\"><strong>Pot\u00eancia (kW)<\/strong><\/p><\/div><\/div><\/td><td class=\"wptb-cell\" style=\"border-width: 1px;\" data-x-index=\"7\" data-y-index=\"0\" data-wptb-css-td-auto-width=\"true\"><div class=\"wptb-text-container wptb-ph-element wptb-element-text-84\" style=\"font-size: 12px; color: rgb(255, 255, 255);\"><div class=\"\" style=\"position: relative;\"><p style=\"text-align: center;\"><strong>Largura da mesa (m)<\/strong><\/p><\/div><\/div><\/td><\/tr><tr class=\"wptb-row\" data-wptb-bg-color=\"\"><td class=\"wptb-cell\" data-y-index=\"1\" data-x-index=\"0\" style=\"border-width: 1px;\" data-wptb-css-td-auto-width=\"true\"><div class=\"wptb-text-container wptb-ph-element wptb-element-text-80\"><div class=\"\" style=\"position: relative;\"><\/div><\/div><\/td><td class=\"wptb-cell\" data-y-index=\"1\" data-x-index=\"1\" style=\"border-width: 1px;\" data-wptb-css-td-auto-width=\"true\"><div class=\"wptb-text-container wptb-ph-element wptb-element-text-11\" style=\"font-size: 12px;\"><div class=\"\" style=\"position: relative;\"><p class=\"\"><strong>Largura<\/strong><\/p><\/div><\/div><\/td><td class=\"wptb-cell\" data-y-index=\"1\" data-x-index=\"2\" style=\"border-width: 1px;\" data-wptb-css-td-auto-width=\"true\"><div class=\"wptb-text-container wptb-ph-element wptb-element-text-12\" style=\"font-size: 12px;\"><div class=\"\" style=\"position: relative;\"><p><strong>Altura<\/strong><\/p><\/div><\/div><\/td><td class=\"wptb-cell\" data-y-index=\"1\" data-x-index=\"3\" style=\"border-width: 1px;\" data-wptb-css-td-auto-width=\"true\"><div class=\"wptb-text-container wptb-ph-element wptb-element-text-13\" style=\"font-size: 12px;\"><div class=\"\" style=\"position: relative;\"><p><strong>Prof.<\/strong><\/p><\/div><\/div><\/td><td class=\"wptb-cell\" data-y-index=\"1\" data-x-index=\"4\" style=\"border-width: 1px;\" data-wptb-css-td-auto-width=\"true\"><div class=\"wptb-text-container wptb-ph-element wptb-element-text-14\"><div class=\"\" style=\"position: relative;\"><\/div><\/div><\/td><td class=\"wptb-cell\" style=\"border-width: 1px;\" data-x-index=\"5\" data-y-index=\"1\" data-wptb-css-td-auto-width=\"true\"><div class=\"wptb-text-container wptb-ph-element wptb-element-text-73\"><div class=\"\" style=\"position: relative;\"><p><\/p><\/div><\/div><\/td><td class=\"wptb-cell\" data-y-index=\"1\" data-x-index=\"6\" style=\"border-width: 1px;\" data-wptb-css-td-auto-width=\"true\"><div class=\"wptb-text-container wptb-ph-element wptb-element-text-16\"><div class=\"\" style=\"position: relative;\"><\/div><\/div><\/td><td class=\"wptb-cell\" style=\"border-width: 1px;\" data-x-index=\"7\" data-y-index=\"1\" data-wptb-css-td-auto-width=\"true\"><div class=\"wptb-text-container wptb-ph-element wptb-element-text-85\"><div class=\"\" style=\"position: relative;\"><p><\/p><\/div><\/div><\/td><\/tr><tr class=\"wptb-row\" data-wptb-bg-color=\"\"><td class=\"wptb-cell\" data-y-index=\"2\" data-x-index=\"0\" style=\"border-width: 1px;\" data-wptb-css-td-auto-width=\"true\"><div class=\"wptb-text-container wptb-ph-element wptb-element-text-6\"><div class=\"\" style=\"position: relative;\"><p><strong>FCM<\/strong><\/p><\/div><\/div><\/td><td class=\"wptb-cell\" data-y-index=\"2\" data-x-index=\"1\" style=\"border-width: 1px;\" data-wptb-css-td-auto-width=\"true\"><div class=\"wptb-text-container wptb-ph-element wptb-element-text-23\"><div class=\"\" style=\"position: relative;\"><p>1,02<\/p><\/div><\/div><\/td><td class=\"wptb-cell\" data-y-index=\"2\" data-x-index=\"2\" style=\"border-width: 1px;\" data-wptb-css-td-auto-width=\"true\"><div class=\"wptb-text-container wptb-ph-element wptb-element-text-25\"><div class=\"\" style=\"position: relative;\"><p>1,84<\/p><\/div><\/div><\/td><td class=\"wptb-cell\" data-y-index=\"2\" data-x-index=\"3\" style=\"border-width: 1px;\" data-wptb-css-td-auto-width=\"true\"><div class=\"wptb-text-container wptb-ph-element wptb-element-text-27\"><div class=\"\" style=\"position: relative;\"><p>1,45<\/p><\/div><\/div><\/td><td class=\"wptb-cell\" data-y-index=\"2\" data-x-index=\"4\" style=\"border-width: 1px;\" data-wptb-css-td-auto-width=\"true\"><div class=\"wptb-text-container wptb-ph-element wptb-element-text-15\"><div class=\"\" style=\"position: relative;\"><p>190<\/p><\/div><\/div><\/td><td class=\"wptb-cell\" style=\"border-width: 1px;\" data-x-index=\"5\" data-y-index=\"2\" data-wptb-css-td-auto-width=\"true\"><div class=\"wptb-text-container wptb-ph-element wptb-element-text-74\"><div class=\"\" style=\"position: relative;\">4,0<p><\/p><\/div><\/div><\/td><td class=\"wptb-cell\" data-y-index=\"2\" data-x-index=\"6\" style=\"border-width: 1px;\" data-wptb-css-td-auto-width=\"true\"><div class=\"wptb-text-container wptb-ph-element wptb-element-text-30\"><div class=\"\" style=\"position: relative;\"><p>3,0<\/p><\/div><\/div><\/td><td class=\"wptb-cell\" style=\"border-width: 1px;\" data-x-index=\"7\" data-y-index=\"2\" data-wptb-css-td-auto-width=\"true\"><div class=\"wptb-text-container wptb-ph-element wptb-element-text-86\"><div class=\"\" style=\"position: relative;\">0,50<p><\/p><\/div><\/div><\/td><\/tr><tr class=\"wptb-row\" data-wptb-bg-color=\"\"><td class=\"wptb-cell\" data-y-index=\"3\" data-x-index=\"0\" style=\"border-width: 1px;\" data-wptb-css-td-auto-width=\"true\"><div class=\"wptb-text-container wptb-ph-element wptb-element-text-7\"><div class=\"\" style=\"position: relative;\"><p class=\"\"><strong>FCL<\/strong><\/p><\/div><\/div><\/td><td class=\"wptb-cell\" data-y-index=\"3\" data-x-index=\"1\" style=\"border-width: 1px;\" data-wptb-css-td-auto-width=\"true\"><div class=\"wptb-text-container wptb-ph-element wptb-element-text-24\"><div class=\"\" style=\"position: relative;\"><p>1,11<\/p><\/div><\/div><\/td><td class=\"wptb-cell\" data-y-index=\"3\" data-x-index=\"2\" style=\"border-width: 1px;\" data-wptb-css-td-auto-width=\"true\"><div class=\"wptb-text-container wptb-ph-element wptb-element-text-26\"><div class=\"\" style=\"position: relative;\"><p>1,87<\/p><\/div><\/div><\/td><td class=\"wptb-cell\" data-y-index=\"3\" data-x-index=\"3\" style=\"border-width: 1px;\" data-wptb-css-td-auto-width=\"true\"><div class=\"wptb-text-container wptb-ph-element wptb-element-text-28\"><div class=\"\" style=\"position: relative;\"><p>1,45<br><\/p><\/div><\/div><\/td><td class=\"wptb-cell\" data-y-index=\"3\" data-x-index=\"4\" style=\"border-width: 1px;\" data-wptb-css-td-auto-width=\"true\"><div class=\"wptb-text-container wptb-ph-element wptb-element-text-29\"><div class=\"\" style=\"position: relative;\"><p>330<\/p><\/div><\/div><\/td><td class=\"wptb-cell\" style=\"border-width: 1px;\" data-x-index=\"5\" data-y-index=\"3\" data-wptb-css-td-auto-width=\"true\"><div class=\"wptb-text-container wptb-ph-element wptb-element-text-75\"><div class=\"\" style=\"position: relative;\">4,0<p><\/p><\/div><\/div><\/td><td class=\"wptb-cell\" data-y-index=\"3\" data-x-index=\"6\" style=\"border-width: 1px;\" data-wptb-css-td-auto-width=\"true\"><div class=\"wptb-text-container wptb-ph-element wptb-element-text-31\"><div class=\"\" style=\"position: relative;\"><p>3,0<br><\/p><\/div><\/div><\/td><td class=\"wptb-cell\" style=\"border-width: 1px;\" data-x-index=\"7\" data-y-index=\"3\" data-wptb-css-td-auto-width=\"true\"><div class=\"wptb-text-container wptb-ph-element wptb-element-text-87\"><div class=\"\" style=\"position: relative;\">0,60<p><\/p><\/div><\/div><\/td><\/tr><\/tbody><\/table><\/div><\/div><\/div><\/div><\/div><\/div><\/div><\/div><\/div><\/div><\/section><section id=\"bt_section69d17edd3fbff\"  class=\"boldSection topSmallSpaced btDarkSkin btAccentColorBackground gutter boxed inherit\" ><div class=\"port\"><div class=\"boldCell\"><div class=\"boldCellInner\"><div class=\"boldRow \" ><div class=\"boldRowInner\"><div class=\"rowItem col-md-8 col-ms-12 btTextLeft animate animate-fadein btMiddleVertical\"  data-width=\"8\"><div class=\"rowItemContent\" ><header class=\"header btClear small  regular\" ><div class=\"dash\"><h4><span class=\"headline\">Quer saber sobre os pre\u00e7os e condi\u00e7\u00f5es de pagamento?<\/span><\/h4><\/div><\/header><div class=\"btClear btSeparator bottomSmallSpaced noBorder\" ><hr><\/div><\/div><\/div><div class=\"rowItem col-md-4 col-ms-12 btTextRight animate animate-fadein inherit\"  data-width=\"4\"><div class=\"rowItemContent\" ><a href=\"https:\/\/ederoliveira.com\/ferri\/contato\/\" class=\"btBtn btBtn btnFilledStyle btnNormalColor btnMedium btnNormalWidth btnRightPosition btnNoIcon\" ><span class=\"btnInnerText\">ENTRE EM CONTATO<\/span><\/a><div class=\"btClear btSeparator bottomSmallSpaced noBorder\" ><hr><\/div><\/div><\/div><\/div><\/div><\/div><\/div><\/div><\/section><\/div>","protected":false},"excerpt":{"rendered":"<p>\t\t\t\tCapitalise on low hanging fruit to identify a ballpark value added activity to beta test. Override the digital divide with additional clickthroughs.\t\t<\/p>\n","protected":false},"author":1,"featured_media":3285,"parent":3487,"menu_order":0,"comment_status":"closed","ping_status":"closed","template":"","meta":[],"_links":{"self":[{"href":"https:\/\/ederoliveira.com\/ferri\/wp-json\/wp\/v2\/pages\/3830"}],"collection":[{"href":"https:\/\/ederoliveira.com\/ferri\/wp-json\/wp\/v2\/pages"}],"about":[{"href":"https:\/\/ederoliveira.com\/ferri\/wp-json\/wp\/v2\/types\/page"}],"author":[{"embeddable":true,"href":"https:\/\/ederoliveira.com\/ferri\/wp-json\/wp\/v2\/users\/1"}],"replies":[{"embeddable":true,"href":"https:\/\/ederoliveira.com\/ferri\/wp-json\/wp\/v2\/comments?post=3830"}],"version-history":[{"count":7,"href":"https:\/\/ederoliveira.com\/ferri\/wp-json\/wp\/v2\/pages\/3830\/revisions"}],"predecessor-version":[{"id":4199,"href":"https:\/\/ederoliveira.com\/ferri\/wp-json\/wp\/v2\/pages\/3830\/revisions\/4199"}],"up":[{"embeddable":true,"href":"https:\/\/ederoliveira.com\/ferri\/wp-json\/wp\/v2\/pages\/3487"}],"wp:featuredmedia":[{"embeddable":true,"href":"https:\/\/ederoliveira.com\/ferri\/wp-json\/wp\/v2\/media\/3285"}],"wp:attachment":[{"href":"https:\/\/ederoliveira.com\/ferri\/wp-json\/wp\/v2\/media?parent=3830"}],"curies":[{"name":"wp","href":"https:\/\/api.w.org\/{rel}","templated":true}]}}