{"id":3758,"date":"2020-12-23T10:14:15","date_gmt":"2020-12-23T13:14:15","guid":{"rendered":"https:\/\/ederoliveira.com\/ferri\/?page_id=3758"},"modified":"2021-01-13T10:49:02","modified_gmt":"2021-01-13T13:49:02","slug":"forno-de-lastro-fbam-2-1","status":"publish","type":"page","link":"https:\/\/ederoliveira.com\/ferri\/fornos\/forno-de-lastro-fbam-2-1\/","title":{"rendered":"FBAM 2.1"},"content":{"rendered":"<div class=\"bt_bb_wrapper\"><section id=\"bt_section69d18227d44a8\"  class=\"boldSection bottomSemiSpaced gutter boxed inherit\" ><div class=\"port\"><div class=\"boldCell\"><div class=\"boldCellInner\"><div class=\"boldRow \" ><div class=\"boldRowInner\"><div class=\"rowItem col-md-12 col-ms-12  btTextLeft animate animate-fadein inherit\"  data-width=\"12\"><div class=\"rowItemContent\" ><div class=\"btClear btSeparator bottomSpaced noBorder\" ><hr><\/div><header class=\"header btClear large  bold\" ><div class=\"btSuperTitle\"><span>Forno Barcelona Montado 2.1 (El\u00e9trico)<\/span><\/div><div class=\"dash\"><h2><span class=\"headline\"><b class=\"animate\">FBAM 2.1<\/b><\/span><\/h2><\/div><div class=\"btSubTitle\">Pensando em atender produ\u00e7\u00f5es maiores, o forno de lastro FERRI FBAM, garantir\u00e1 uma alta produtividade com o acabamento que seus produtos precisam. Pensado em voc\u00ea, que trabalha com receitas de panifica\u00e7\u00e3o e confeitaria em geral, este equipamento ir\u00e1 al\u00e9m de suas expectativas!\r<br>\r<br><\/div><\/header><div class=\"btClear btSeparator bottomSmallSpaced noBorder\" ><hr><\/div><div class=\"bpgPhoto btDefaultHoverType\" ><div class = \"btImage\"><img src=\"https:\/\/ederoliveira.com\/ferri\/wp-content\/uploads\/2021\/01\/FBAM.jpg\" alt=\"\" title=\"\"><\/div><\/div><div class=\"btClear btSeparator topSmallSpaced bottomSmallSpaced noBorder\" ><hr><\/div><\/div><\/div><\/div><\/div><div class=\"boldRow \" ><div class=\"boldRowInner\"><div class=\"rowItem col-md-12 col-ms-12  btTextLeft animate animate-fadein inherit\"  data-width=\"12\"><div class=\"rowItemContent\" ><div class=\"btClear btSeparator bottomSemiSpaced noBorder\" ><hr><\/div><header class=\"header btClear large  bold\" ><div class=\"btSuperTitle\"><span>Otimize sua produ\u00e7\u00e3o!<\/span><\/div><div class=\"dash\"><h2><span class=\"headline\"><b class=\"animate\">Porqu\u00ea escolher um Forno Barcelona Montado<\/b><\/span><\/h2><\/div><\/header><div class=\"btClear btSeparator bottomExtraSmallSpaced noBorder\" ><hr><\/div><\/div><\/div><\/div><\/div><div class=\"boldRow \" ><div class=\"boldRowInner\"><div class=\"rowItem col-md-6 col-sm-12 btTextLeft\"  data-width=\"6\"><div class=\"rowItemContent\" ><div class=\"btText\" ><h3><strong>Capacidade<\/strong><\/h3>\n<p>O modelo \u00e9 de s\u00e9rie para duas assadeiras de 60 x 80 cm.<\/p>\n<h3><strong>Tecnologia<\/strong><\/h3>\n<p>Atrav\u00e9s do Painel de Programa\u00e7\u00e3o Digital de s\u00e9rie, ou opcional Touch Screen IHM, \u00e9 poss\u00edvel realizar comandos que facilitar\u00e3o no seu dia a dia. O aquecimento \u00e9 obtido atrav\u00e9s de resist\u00eancias el\u00e9tricas de n\u00edquel-cromo encapsuladas em tijolos cer\u00e2micos, instaladas no teto e lastro da parte interna da c\u00e2mara. A c\u00e2mara possui na base, pedra de lastro para melhor conservar e distribuir o calor.<\/p>\n<\/div><div class=\"btClear btSeparator bottomSmallSpaced noBorder\" ><hr><\/div><\/div><\/div><div class=\"rowItem col-md-6 col-sm-12 btTextLeft\"  data-width=\"6\"><div class=\"rowItemContent\" ><div class=\"btText\" ><h3><strong>Constru\u00e7\u00e3o<\/strong><\/h3>\n<p>A c\u00e2mara interna \u00e9 constru\u00edda em a\u00e7o carbono para melhor reten\u00e7\u00e3o de calor, enquanto os revestimentos externos s\u00e3o em a\u00e7o inoxid\u00e1vel. As portas s\u00e3o em a\u00e7o inoxid\u00e1vel de s\u00e9rie ou opcional em vidro temperado. A estrutura do equipamento suporta uma c\u00e2mara sobre a outra do mesmo modelo. O isolamento t\u00e9rmico de alto desempenho em l\u00e3 de vidro. Alimenta\u00e7\u00e3o el\u00e9trica em 220V ou 380V trif\u00e1sico.<\/p>\n<h3><strong>Diferenciais<\/strong><\/h3>\n<p>\u2022 Fun\u00e7\u00e3o Programador Hor\u00e1rio;<br \/>\n\u2022 Receitas;<br \/>\n\u2022 Temporizador com alarme;<br \/>\n\u2022 Sistema FERRI Econ, para economia de energia el\u00e9trica;<br \/>\n\u2022 5 anos de garantia nas resist\u00eancias.<\/p>\n<\/div><div class=\"btClear btSeparator bottomSmallSpaced noBorder\" ><hr><\/div><\/div><\/div><\/div><\/div><div class=\"boldRow \" ><div class=\"boldRowInner\"><div class=\"rowItem col-md-12 col-ms-12  btTextLeft\"  data-width=\"12\"><div class=\"rowItemContent\" ><div class=\"btClear btSeparator topSmallSpaced bottomSmallSpaced border\" ><hr><\/div><div class=\"btClear btSeparator bottomSmallSpaced noBorder\" ><hr><\/div><\/div><\/div><\/div><\/div><div class=\"boldRow \" ><div class=\"boldRowInner\"><div class=\"rowItem col-md-6 col-sm-12 btTextLeft animate animate-fadein inherit\"  data-width=\"6\"><div class=\"rowItemContent\" ><div class=\"bpgPhoto btDefaultHoverType\" ><div class = \"btImage\"><img src=\"https:\/\/ederoliveira.com\/ferri\/wp-content\/uploads\/2020\/12\/fbam-2-1-02.png\" alt=\"\" title=\"\"><\/div><\/div><div class=\"btClear btSeparator bottomSmallSpaced noBorder\" ><hr><\/div><\/div><\/div><div class=\"rowItem col-md-6 col-sm-12 btTextLeft animate animate-fadein inherit\"  data-width=\"6\"><div class=\"rowItemContent\" ><div class=\"bpgPhoto btDefaultHoverType\" ><div class = \"btImage\"><img src=\"https:\/\/ederoliveira.com\/ferri\/wp-content\/uploads\/2020\/12\/fbam-2-1-01.png\" alt=\"\" title=\"\"><\/div><\/div><div class=\"btClear btSeparator bottomSmallSpaced noBorder\" ><hr><\/div><\/div><\/div><\/div><\/div><div class=\"boldRow \" ><div class=\"boldRowInner\"><div class=\"rowItem col-md-12 col-ms-12  btTextLeft\"  data-width=\"12\"><div class=\"rowItemContent\" ><div class=\"btClear btSeparator topSmallSpaced bottomSmallSpaced border\" ><hr><\/div><div class=\"btClear btSeparator bottomSmallSpaced noBorder\" ><hr><\/div><\/div><\/div><\/div><\/div><div class=\"boldRow \" ><div class=\"boldRowInner\"><div class=\"rowItem col-md-12 col-ms-12  btTextLeft\"  data-width=\"12\"><div class=\"rowItemContent\" ><header class=\"header btClear large  bold\" ><div class=\"btSuperTitle\"><span>informa\u00e7\u00f5es t\u00e9cnicas<\/span><\/div><div class=\"dash\"><h2><span class=\"headline\"><b class=\"animate\">Especifica\u00e7\u00f5es<\/b><\/span><\/h2><\/div><\/header><div class=\"btClear btSeparator bottomSmallSpaced noBorder\" ><hr><\/div><\/div><\/div><\/div><\/div><div class=\"boldRow \" ><div class=\"boldRowInner\"><div class=\"rowItem col-md-6 col-sm-12 btTextLeft\"  data-width=\"6\"><div class=\"rowItemContent\" ><div class=\"btText\" ><h4>Itens Inclusos<\/h4>\n<ul>\n<li>1 Forno FBAM<\/li>\n<li>1 Manual de instru\u00e7\u00f5es<\/li>\n<li>1 Certificado de garantia<\/li>\n<\/ul>\n<p class=\"destaque\"><strong>C\u00f3digo do Produto: FBAM (El\u00e9trico)<br \/>\n<\/strong><strong>Garantia de Fabricante: 1 Ano<\/strong><\/p>\n<\/div><div class=\"btClear btSeparator bottomSmallSpaced noBorder\" ><hr><\/div><\/div><\/div><div class=\"rowItem col-md-6 col-sm-12 btTextLeft\"  data-width=\"6\"><div class=\"rowItemContent\" ><div class=\"btText\" ><ul>\n<li>Voltagem: 220V ou 380V Trif\u00e1sico<\/li>\n<li>Temperatura: at\u00e9 250\u00b0C<\/li>\n<li>Timer: at\u00e9 99 minutos<\/li>\n<\/ul>\n<\/div><div class=\"btClear btSeparator bottomSmallSpaced noBorder\" ><hr><\/div><a href=\"https:\/\/ederoliveira.com\/ferri\/wp-content\/uploads\/2020\/12\/livorno-especificacao.pdf\" class=\"btBtn btBtn btnOutlineStyle btnAccentColor btnSmall btnFullWidth btnRightPosition btnIco\" ><span class=\"btnInnerText\">Download Informa\u00e7\u00f5es (PDF)<\/span><span class=\"btIco \"><span  data-ico-fa=\"&#xf063;\" class=\"btIcoHolder\"><\/span><\/span><\/a><div class=\"btClear btSeparator bottomExtraSmallSpaced noBorder\" ><hr><\/div><a href=\"#\" class=\"btBtn btBtn btnOutlineStyle btnNormalColor btnSmall btnFullWidth btnRightPosition btnIco\" ><span class=\"btnInnerText\">Suporte T\u00e9cnico<\/span><span class=\"btIco \"><span  data-ico-fa=\"&#xf061;\" class=\"btIcoHolder\"><\/span><\/span><\/a><div class=\"btClear btSeparator bottomExtraSmallSpaced noBorder\" ><hr><\/div><\/div><\/div><\/div><\/div><div class=\"boldRow \" ><div class=\"boldRowInner\"><div class=\"rowItem col-md-12 col-ms-12  btTextLeft\"  data-width=\"12\"><div class=\"rowItemContent\" ><div class=\"btClear btSeparator bottomSmallSpaced noBorder\" ><hr><\/div><div class=\"btText\" ><div class=\"wptb-table-container wptb-table-3428\"><div class=\"wptb-table-container-matrix\"><table class=\"wptb-preview-table wptb-element-main-table_setting-3428\" data-reconstraction=\"0\" style=\"border-width: 0px; border-style: solid; border-image: initial;\" data-wptb-table-tds-sum-max-width=\"360\" data-wptb-cells-width-auto-count=\"9\" role=\"table\" data-wptb-fixed-width-size=\"0\" data-wptb-responsive-directives=\"eyJyZXNwb25zaXZlRW5hYmxlZCI6dHJ1ZSwicmVzcG9uc2l2ZU1vZGUiOiJhdXRvIiwicHJlc2VydmVSb3dDb2xvciI6ZmFsc2UsInJlbGF0aXZlV2lkdGgiOiJ3aW5kb3ciLCJtb2RlT3B0aW9ucyI6eyJhdXRvIjp7InRvcFJvd0FzSGVhZGVyIjp7ImRlc2t0b3AiOmZhbHNlLCJ0YWJsZXQiOmZhbHNlLCJtb2JpbGUiOmZhbHNlfSwic3RhdGljVG9wUm93Ijp7ImRlc2t0b3AiOmZhbHNlLCJ0YWJsZXQiOmZhbHNlLCJtb2JpbGUiOmZhbHNlfSwiY2VsbFN0YWNrRGlyZWN0aW9uIjp7ImRlc2t0b3AiOiJyb3ciLCJ0YWJsZXQiOiJyb3ciLCJtb2JpbGUiOiJyb3cifSwiY2VsbHNQZXJSb3ciOnsiZGVza3RvcCI6MSwidGFibGV0IjoxLCJtb2JpbGUiOjF9fX0sImJyZWFrcG9pbnRzIjp7ImRlc2t0b3AiOnsibmFtZSI6ImRlc2t0b3AiLCJ3aWR0aCI6MTAyNH0sInRhYmxldCI6eyJuYW1lIjoidGFibGV0Iiwid2lkdGgiOjcwMH0sIm1vYmlsZSI6eyJuYW1lIjoibW9iaWxlIiwid2lkdGgiOjMwMH19fQ==\" data-wptb-adaptive-table=\"0\" data-wptb-td-width-auto=\"10\" data-wptb-header-background-color=\"#de9d43\" data-table-columns=\"9\" data-wptb-even-row-background-color=\"\" data-wptb-odd-row-background-color=\"\"><tbody><tr class=\"wptb-row\" style=\"background-color: rgb(222, 157, 67);\" data-wptb-bg-color=\"#de9d43\"><td class=\"wptb-cell\" data-y-index=\"0\" data-x-index=\"0\" style=\"border-width: 1px;\" data-wptb-css-td-auto-width=\"true\" colspan=\"1\" rowspan=\"1\"><div class=\"wptb-text-container wptb-ph-element wptb-element-text-2\" style=\"font-size: 12px; color: rgb(255, 255, 255);\"><div class=\"\" style=\"position: relative;\"><p style=\"text-align: center;\"><strong>Modelo<\/strong><\/p><\/div><\/div><\/td><td class=\"wptb-cell\" style=\"border-width: 1px;\" data-x-index=\"1\" data-y-index=\"0\" data-wptb-css-td-auto-width=\"true\" colspan=\"3\" rowspan=\"1\"><div class=\"wptb-text-container wptb-ph-element wptb-element-text-1\" style=\"font-size: 12px; color: rgb(255, 255, 255);\"><div class=\"\" style=\"position: relative;\"><p style=\"text-align: center;\" class=\"\"><strong>Medidas Externas (m)<\/strong><\/p><\/div><\/div><\/td><td class=\"wptb-cell\" data-y-index=\"0\" data-x-index=\"4\" style=\"border-width: 1px;\" data-wptb-css-td-auto-width=\"true\" colspan=\"3\" rowspan=\"1\"><div class=\"wptb-text-container wptb-ph-element wptb-element-text-3\" style=\"font-size: 12px; color: rgb(255, 255, 255);\"><div class=\"\" style=\"position: relative;\"><p style=\"text-align: center;\"><strong>Medidas Internas (m)<\/strong><\/p><\/div><\/div><\/td><td class=\"wptb-cell\" data-y-index=\"0\" data-x-index=\"7\" style=\"border-width: 1px;\" data-wptb-css-td-auto-width=\"true\"><div class=\"wptb-text-container wptb-ph-element wptb-element-text-4\" style=\"font-size: 12px; color: rgb(255, 255, 255);\"><div class=\"\" style=\"position: relative;\"><p style=\"text-align: center;\" class=\"\"><strong>Peso (kg)<\/strong><\/p><\/div><\/div><\/td><td class=\"wptb-cell\" data-y-index=\"0\" data-x-index=\"8\" style=\"border-width: 1px;\" data-wptb-css-td-auto-width=\"true\"><div class=\"wptb-text-container wptb-ph-element wptb-element-text-5\" style=\"font-size: 11px; color: rgb(255, 255, 255);\"><div class=\"\" style=\"position: relative;\"><p style=\"text-align: center;\" class=\"\"><strong>Pot\u00eancia (kW)<\/strong><\/p><\/div><\/div><\/td><\/tr><tr class=\"wptb-row\" data-wptb-bg-color=\"\"><td class=\"wptb-cell\" data-y-index=\"1\" data-x-index=\"0\" style=\"border-width: 1px;\" data-wptb-css-td-auto-width=\"true\"><\/td><td class=\"wptb-cell\" data-y-index=\"1\" data-x-index=\"1\" style=\"border-width: 1px;\" data-wptb-css-td-auto-width=\"true\"><div class=\"wptb-text-container wptb-ph-element wptb-element-text-8\" style=\"font-size: 12px;\"><div class=\"\" style=\"position: relative;\"><p><strong>Largura<\/strong><\/p><\/div><\/div><\/td><td class=\"wptb-cell\" data-y-index=\"1\" data-x-index=\"2\" style=\"border-width: 1px;\" data-wptb-css-td-auto-width=\"true\"><div class=\"wptb-text-container wptb-ph-element wptb-element-text-9\" style=\"font-size: 12px;\"><div class=\"\" style=\"position: relative;\"><p><strong>Altura<\/strong><\/p><\/div><\/div><\/td><td class=\"wptb-cell\" data-y-index=\"1\" data-x-index=\"3\" style=\"border-width: 1px;\" data-wptb-css-td-auto-width=\"true\"><div class=\"wptb-text-container wptb-ph-element wptb-element-text-10\" style=\"font-size: 12px;\"><div class=\"\" style=\"position: relative;\"><p><strong>Prof.<\/strong><\/p><\/div><\/div><\/td><td class=\"wptb-cell\" data-y-index=\"1\" data-x-index=\"4\" style=\"border-width: 1px;\" data-wptb-css-td-auto-width=\"true\"><div class=\"wptb-text-container wptb-ph-element wptb-element-text-11\" style=\"font-size: 12px;\"><div class=\"\" style=\"position: relative;\"><p><strong>Largura<\/strong><\/p><\/div><\/div><\/td><td class=\"wptb-cell\" data-y-index=\"1\" data-x-index=\"5\" style=\"border-width: 1px;\" data-wptb-css-td-auto-width=\"true\"><div class=\"wptb-text-container wptb-ph-element wptb-element-text-12\" style=\"font-size: 12px;\"><div class=\"\" style=\"position: relative;\"><p><strong>Altura<\/strong><\/p><\/div><\/div><\/td><td class=\"wptb-cell\" data-y-index=\"1\" data-x-index=\"6\" style=\"border-width: 1px;\" data-wptb-css-td-auto-width=\"true\"><div class=\"wptb-text-container wptb-ph-element wptb-element-text-13\" style=\"font-size: 12px;\"><div class=\"\" style=\"position: relative;\"><p><strong>Prof.<\/strong><\/p><\/div><\/div><\/td><td class=\"wptb-cell\" data-y-index=\"1\" data-x-index=\"7\" style=\"border-width: 1px;\" data-wptb-css-td-auto-width=\"true\"><div class=\"wptb-text-container wptb-ph-element wptb-element-text-14\"><div class=\"\" style=\"position: relative;\"><\/div><\/div><\/td><td class=\"wptb-cell\" data-y-index=\"1\" data-x-index=\"8\" style=\"border-width: 1px;\" data-wptb-css-td-auto-width=\"true\"><div class=\"wptb-text-container wptb-ph-element wptb-element-text-16\"><div class=\"\" style=\"position: relative;\"><\/div><\/div><\/td><\/tr><tr class=\"wptb-row\" data-wptb-bg-color=\"\"><td class=\"wptb-cell\" data-y-index=\"2\" data-x-index=\"0\" style=\"border-width: 1px;\" data-wptb-css-td-auto-width=\"true\"><div class=\"wptb-text-container wptb-ph-element wptb-element-text-6\"><div class=\"\" style=\"position: relative;\"><p><strong>FLE<\/strong><\/p><\/div><\/div><\/td><td class=\"wptb-cell\" data-y-index=\"2\" data-x-index=\"1\" style=\"border-width: 1px;\" data-wptb-css-td-auto-width=\"true\"><div class=\"wptb-text-container wptb-ph-element wptb-element-text-17\"><div class=\"\" style=\"position: relative;\"><p>0,58<\/p><\/div><\/div><\/td><td class=\"wptb-cell\" data-y-index=\"2\" data-x-index=\"2\" style=\"border-width: 1px;\" data-wptb-css-td-auto-width=\"true\"><div class=\"wptb-text-container wptb-ph-element wptb-element-text-19\"><div class=\"\" style=\"position: relative;\"><p>0,44<\/p><\/div><\/div><\/td><td class=\"wptb-cell\" data-y-index=\"2\" data-x-index=\"3\" style=\"border-width: 1px;\" data-wptb-css-td-auto-width=\"true\"><div class=\"wptb-text-container wptb-ph-element wptb-element-text-21\"><div class=\"\" style=\"position: relative;\"><p>0,60<\/p><\/div><\/div><\/td><td class=\"wptb-cell\" data-y-index=\"2\" data-x-index=\"4\" style=\"border-width: 1px;\" data-wptb-css-td-auto-width=\"true\"><div class=\"wptb-text-container wptb-ph-element wptb-element-text-23\"><div class=\"\" style=\"position: relative;\"><p>0,40<\/p><\/div><\/div><\/td><td class=\"wptb-cell\" data-y-index=\"2\" data-x-index=\"5\" style=\"border-width: 1px;\" data-wptb-css-td-auto-width=\"true\"><div class=\"wptb-text-container wptb-ph-element wptb-element-text-25\"><div class=\"\" style=\"position: relative;\"><p>0,35<\/p><\/div><\/div><\/td><td class=\"wptb-cell\" data-y-index=\"2\" data-x-index=\"6\" style=\"border-width: 1px;\" data-wptb-css-td-auto-width=\"true\"><div class=\"wptb-text-container wptb-ph-element wptb-element-text-27\"><div class=\"\" style=\"position: relative;\"><p>0,38<\/p><\/div><\/div><\/td><td class=\"wptb-cell\" data-y-index=\"2\" data-x-index=\"7\" style=\"border-width: 1px;\" data-wptb-css-td-auto-width=\"true\"><div class=\"wptb-text-container wptb-ph-element wptb-element-text-15\"><div class=\"\" style=\"position: relative;\"><p>42<\/p><\/div><\/div><\/td><td class=\"wptb-cell\" data-y-index=\"2\" data-x-index=\"8\" style=\"border-width: 1px;\" data-wptb-css-td-auto-width=\"true\"><div class=\"wptb-text-container wptb-ph-element wptb-element-text-30\"><div class=\"\" style=\"position: relative;\"><p>3,0<\/p><\/div><\/div><\/td><\/tr><\/tbody><\/table><\/div><\/div><\/div><\/div><\/div><\/div><\/div><\/div><\/div><\/div><\/section><section id=\"bt_section69d18227d63d6\"  class=\"boldSection topSmallSpaced btDarkSkin btAccentColorBackground gutter boxed inherit\" ><div class=\"port\"><div class=\"boldCell\"><div class=\"boldCellInner\"><div class=\"boldRow \" ><div class=\"boldRowInner\"><div class=\"rowItem col-md-8 col-ms-12 btTextLeft animate animate-fadein btMiddleVertical\"  data-width=\"8\"><div class=\"rowItemContent\" ><header class=\"header btClear small  regular\" ><div class=\"dash\"><h4><span class=\"headline\">Quer saber sobre os pre\u00e7os e condi\u00e7\u00f5es de pagamento?<\/span><\/h4><\/div><\/header><div class=\"btClear btSeparator bottomSmallSpaced noBorder\" ><hr><\/div><\/div><\/div><div class=\"rowItem col-md-4 col-ms-12 btTextRight animate animate-fadein inherit\"  data-width=\"4\"><div class=\"rowItemContent\" ><a href=\"https:\/\/ederoliveira.com\/ferri\/contato\/\" class=\"btBtn btBtn btnFilledStyle btnNormalColor btnMedium btnNormalWidth btnRightPosition btnNoIcon\" ><span class=\"btnInnerText\">ENTRE EM CONTATO<\/span><\/a><div class=\"btClear btSeparator bottomSmallSpaced noBorder\" ><hr><\/div><\/div><\/div><\/div><\/div><\/div><\/div><\/div><\/section><\/div>","protected":false},"excerpt":{"rendered":"<p>\t\t\t\tCapitalise on low hanging fruit to identify a ballpark value added activity to beta test. Override the digital divide with additional clickthroughs.\t\t<\/p>\n","protected":false},"author":1,"featured_media":3285,"parent":3198,"menu_order":0,"comment_status":"closed","ping_status":"closed","template":"","meta":[],"_links":{"self":[{"href":"https:\/\/ederoliveira.com\/ferri\/wp-json\/wp\/v2\/pages\/3758"}],"collection":[{"href":"https:\/\/ederoliveira.com\/ferri\/wp-json\/wp\/v2\/pages"}],"about":[{"href":"https:\/\/ederoliveira.com\/ferri\/wp-json\/wp\/v2\/types\/page"}],"author":[{"embeddable":true,"href":"https:\/\/ederoliveira.com\/ferri\/wp-json\/wp\/v2\/users\/1"}],"replies":[{"embeddable":true,"href":"https:\/\/ederoliveira.com\/ferri\/wp-json\/wp\/v2\/comments?post=3758"}],"version-history":[{"count":9,"href":"https:\/\/ederoliveira.com\/ferri\/wp-json\/wp\/v2\/pages\/3758\/revisions"}],"predecessor-version":[{"id":4185,"href":"https:\/\/ederoliveira.com\/ferri\/wp-json\/wp\/v2\/pages\/3758\/revisions\/4185"}],"up":[{"embeddable":true,"href":"https:\/\/ederoliveira.com\/ferri\/wp-json\/wp\/v2\/pages\/3198"}],"wp:featuredmedia":[{"embeddable":true,"href":"https:\/\/ederoliveira.com\/ferri\/wp-json\/wp\/v2\/media\/3285"}],"wp:attachment":[{"href":"https:\/\/ederoliveira.com\/ferri\/wp-json\/wp\/v2\/media?parent=3758"}],"curies":[{"name":"wp","href":"https:\/\/api.w.org\/{rel}","templated":true}]}}