{"id":3202,"date":"2020-11-25T22:09:21","date_gmt":"2020-11-26T01:09:21","guid":{"rendered":"https:\/\/ederoliveira.com\/ferri\/?page_id=3202"},"modified":"2021-01-13T10:52:03","modified_gmt":"2021-01-13T13:52:03","slug":"forno-de-conveccao-fle-livorno","status":"publish","type":"page","link":"https:\/\/ederoliveira.com\/ferri\/fornos\/forno-de-conveccao-fle-livorno\/","title":{"rendered":"FLE \u2013 Livorno"},"content":{"rendered":"<div class=\"bt_bb_wrapper\"><section id=\"bt_section69d17d6c17d05\"  class=\"boldSection bottomSemiSpaced gutter boxed inherit\" ><div class=\"port\"><div class=\"boldCell\"><div class=\"boldCellInner\"><div class=\"boldRow \" ><div class=\"boldRowInner\"><div class=\"rowItem col-md-12 col-ms-12  btTextLeft animate animate-fadein inherit\"  data-width=\"12\"><div class=\"rowItemContent\" ><div class=\"btClear btSeparator bottomSpaced noBorder\" ><hr><\/div><header class=\"header btClear large  bold\" ><div class=\"btSuperTitle\"><span>Forno FLE (El\u00e9trico)<\/span><\/div><div class=\"dash\"><h2><span class=\"headline\"><b class=\"animate\">Livorno <\/b><\/span><\/h2><\/div><div class=\"btSubTitle\">Os Fornos de Convec\u00e7\u00e3o FERRI s\u00e3o indicados para pequenas quantidades de assamentos em panifica\u00e7\u00e3o, confeitaria seca, p\u00e3o de queijo, biscoitos, pr\u00e9-assamento de pizzas, salgados e reaquecimento de alimentos.\r<br>\r<br><\/div><\/header><div class=\"btClear btSeparator bottomSmallSpaced noBorder\" ><hr><\/div><div class=\"bpgPhoto btDefaultHoverType\" ><div class = \"btImage\"><img src=\"https:\/\/ederoliveira.com\/ferri\/wp-content\/uploads\/2020\/12\/livorno-destaque.png\" alt=\"\" title=\"\"><\/div><\/div><div class=\"btClear btSeparator topSmallSpaced bottomSmallSpaced noBorder\" ><hr><\/div><\/div><\/div><\/div><\/div><div class=\"boldRow \" ><div class=\"boldRowInner\"><div class=\"rowItem col-md-12 col-ms-12  btTextLeft animate animate-fadein inherit\"  data-width=\"12\"><div class=\"rowItemContent\" ><div class=\"btClear btSeparator bottomSemiSpaced noBorder\" ><hr><\/div><header class=\"header btClear large  bold\" ><div class=\"btSuperTitle\"><span>Chega de fornos comuns ou micro-ondas<\/span><\/div><div class=\"dash\"><h2><span class=\"headline\"><b class=\"animate\">Porqu\u00ea escolher um Livorno<\/b><\/span><\/h2><\/div><\/header><div class=\"btClear btSeparator bottomExtraSmallSpaced noBorder\" ><hr><\/div><\/div><\/div><\/div><\/div><div class=\"boldRow \" ><div class=\"boldRowInner\"><div class=\"rowItem col-md-6 col-sm-12 btTextLeft\"  data-width=\"6\"><div class=\"rowItemContent\" ><div class=\"btText\" ><h3><strong>Capacidade<\/strong><\/h3>\n<p>Possui rack em a\u00e7o inoxid\u00e1vel para 4 assadeiras 35 x 35 cm, podendo ser perfuradas ou lisas (opcional).<\/p>\n<h3><strong>Tecnologia<\/strong><\/h3>\n<p>Equipado com painel digital para programa\u00e7\u00e3o e controle de temperatura e temporizador com alarme. O aquecimento \u00e9 obtido atrav\u00e9s de resist\u00eancias el\u00e9tricas tubulares blindadas, que \u00e9 espalhado na c\u00e2mara atrav\u00e9s de uma turbo-h\u00e9lice. O vapor \u00e9 gerado por inje\u00e7\u00e3o direta de \u00e1gua sobre esta turbo-h\u00e9lice, vaporizando instantaneamente.<\/p>\n<\/div><div class=\"btClear btSeparator bottomSmallSpaced noBorder\" ><hr><\/div><\/div><\/div><div class=\"rowItem col-md-6 col-sm-12 btTextLeft\"  data-width=\"6\"><div class=\"rowItemContent\" ><div class=\"btText\" ><h3><strong>Constru\u00e7\u00e3o<\/strong><\/h3>\n<p>Totalmente constru\u00eddo em a\u00e7o inoxid\u00e1vel e porta com vidro temperado serigrafado para facilitar a limpeza. Possui sapatas niveladoras e isolamento t\u00e9rmico de alto desempenho, com manta de fibra cer\u00e2mica. Alimenta\u00e7\u00e3o el\u00e9trica em 220V monof\u00e1sico.<\/p>\n<h3><strong>Diferenciais<\/strong><\/h3>\n<p>\u2022 Painel de comando simplificado proporciona r\u00e1pido aprendizado e produtividade;<br \/>\n\u2022 Assamento integral e homog\u00eaneo, dispensando opera\u00e7\u00f5es intermedi\u00e1rias para corre\u00e7\u00e3o.<\/p>\n<\/div><div class=\"btClear btSeparator bottomSmallSpaced noBorder\" ><hr><\/div><\/div><\/div><\/div><\/div><div class=\"boldRow \" ><div class=\"boldRowInner\"><div class=\"rowItem col-md-12 col-ms-12  btTextLeft\"  data-width=\"12\"><div class=\"rowItemContent\" ><div class=\"btClear btSeparator topSmallSpaced bottomSmallSpaced border\" ><hr><\/div><div class=\"btClear btSeparator bottomSmallSpaced noBorder\" ><hr><\/div><\/div><\/div><\/div><\/div><div class=\"boldRow \" ><div class=\"boldRowInner\"><div class=\"rowItem col-md-6 col-sm-12 btTextLeft animate animate-fadein inherit\"  data-width=\"6\"><div class=\"rowItemContent\" ><div class=\"bpgPhoto btDefaultHoverType\" ><div class = \"btImage\"><img src=\"https:\/\/ederoliveira.com\/ferri\/wp-content\/uploads\/2020\/12\/fle-02.png\" alt=\"\" title=\"\"><\/div><\/div><div class=\"btClear btSeparator bottomSmallSpaced noBorder\" ><hr><\/div><\/div><\/div><div class=\"rowItem col-md-6 col-sm-12 btTextLeft animate animate-fadein inherit\"  data-width=\"6\"><div class=\"rowItemContent\" ><div class=\"bpgPhoto btDefaultHoverType\" ><div class = \"btImage\"><img src=\"https:\/\/ederoliveira.com\/ferri\/wp-content\/uploads\/2020\/12\/fle-01.png\" alt=\"\" title=\"\"><\/div><\/div><div class=\"btClear btSeparator bottomSmallSpaced noBorder\" ><hr><\/div><\/div><\/div><\/div><\/div><div class=\"boldRow \" ><div class=\"boldRowInner\"><div class=\"rowItem col-md-12 col-ms-12  btTextLeft\"  data-width=\"12\"><div class=\"rowItemContent\" ><div class=\"btClear btSeparator topSmallSpaced bottomSmallSpaced border\" ><hr><\/div><div class=\"btClear btSeparator bottomSmallSpaced noBorder\" ><hr><\/div><\/div><\/div><\/div><\/div><div class=\"boldRow \" ><div class=\"boldRowInner\"><div class=\"rowItem col-md-12 col-ms-12  btTextLeft\"  data-width=\"12\"><div class=\"rowItemContent\" ><header class=\"header btClear large  bold\" ><div class=\"btSuperTitle\"><span>informa\u00e7\u00f5es t\u00e9cnicas<\/span><\/div><div class=\"dash\"><h2><span class=\"headline\"><b class=\"animate\">Especifica\u00e7\u00f5es<\/b><\/span><\/h2><\/div><\/header><div class=\"btClear btSeparator bottomSmallSpaced noBorder\" ><hr><\/div><\/div><\/div><\/div><\/div><div class=\"boldRow \" ><div class=\"boldRowInner\"><div class=\"rowItem col-md-6 col-sm-12 btTextLeft\"  data-width=\"6\"><div class=\"rowItemContent\" ><div class=\"btText\" ><h4>Itens Inclusos<\/h4>\n<ul>\n<li>1 Forno FERRI Livorno<\/li>\n<li>4 Assadeiras<\/li>\n<li>1 Manual de instru\u00e7\u00f5es<\/li>\n<li>1 Certificado de garantia<\/li>\n<\/ul>\n<p class=\"destaque\"><strong>C\u00f3digo do Produto: FLE (El\u00e9trico)<br \/>\n<\/strong><strong>Garantia de Fabricante: 1 Ano<\/strong><\/p>\n<\/div><div class=\"btClear btSeparator bottomSmallSpaced noBorder\" ><hr><\/div><\/div><\/div><div class=\"rowItem col-md-6 col-sm-12 btTextLeft\"  data-width=\"6\"><div class=\"rowItemContent\" ><div class=\"btText\" ><ul>\n<li>Voltagem: 220V monof\u00e1sico<\/li>\n<li>Temperatura: at\u00e9 250\u00b0C<\/li>\n<li>Timer: at\u00e9 99 minutos<\/li>\n<li>Capacidade: possui rack em a\u00e7o inoxid\u00e1vel, para 4 assadeiras 35 x 35 cm<\/li>\n<\/ul>\n<\/div><div class=\"btClear btSeparator bottomSmallSpaced noBorder\" ><hr><\/div><a href=\"https:\/\/ederoliveira.com\/ferri\/wp-content\/uploads\/2021\/01\/LIVORNO-Manual.pdf\" class=\"btBtn btBtn btnOutlineStyle btnAccentColor btnSmall btnFullWidth btnRightPosition btnIco\" ><span class=\"btnInnerText\">Download Manual (PDF)<\/span><span class=\"btIco \"><span  data-ico-fa=\"&#xf063;\" class=\"btIcoHolder\"><\/span><\/span><\/a><div class=\"btClear btSeparator bottomExtraSmallSpaced noBorder\" ><hr><\/div><a href=\"#\" class=\"btBtn btBtn btnOutlineStyle btnNormalColor btnSmall btnFullWidth btnRightPosition btnIco\" ><span class=\"btnInnerText\">Suporte T\u00e9cnico<\/span><span class=\"btIco \"><span  data-ico-fa=\"&#xf061;\" class=\"btIcoHolder\"><\/span><\/span><\/a><div class=\"btClear btSeparator bottomExtraSmallSpaced noBorder\" ><hr><\/div><\/div><\/div><\/div><\/div><div class=\"boldRow \" ><div class=\"boldRowInner\"><div class=\"rowItem col-md-12 col-ms-12  btTextLeft\"  data-width=\"12\"><div class=\"rowItemContent\" ><div class=\"btClear btSeparator bottomSmallSpaced noBorder\" ><hr><\/div><div class=\"btText\" ><div class=\"wptb-table-container wptb-table-3428\"><div class=\"wptb-table-container-matrix\"><table class=\"wptb-preview-table wptb-element-main-table_setting-3428\" data-reconstraction=\"0\" style=\"border-width: 0px; border-style: solid; border-image: initial;\" data-wptb-table-tds-sum-max-width=\"360\" data-wptb-cells-width-auto-count=\"9\" role=\"table\" data-wptb-fixed-width-size=\"0\" data-wptb-responsive-directives=\"eyJyZXNwb25zaXZlRW5hYmxlZCI6dHJ1ZSwicmVzcG9uc2l2ZU1vZGUiOiJhdXRvIiwicHJlc2VydmVSb3dDb2xvciI6ZmFsc2UsInJlbGF0aXZlV2lkdGgiOiJ3aW5kb3ciLCJtb2RlT3B0aW9ucyI6eyJhdXRvIjp7InRvcFJvd0FzSGVhZGVyIjp7ImRlc2t0b3AiOmZhbHNlLCJ0YWJsZXQiOmZhbHNlLCJtb2JpbGUiOmZhbHNlfSwic3RhdGljVG9wUm93Ijp7ImRlc2t0b3AiOmZhbHNlLCJ0YWJsZXQiOmZhbHNlLCJtb2JpbGUiOmZhbHNlfSwiY2VsbFN0YWNrRGlyZWN0aW9uIjp7ImRlc2t0b3AiOiJyb3ciLCJ0YWJsZXQiOiJyb3ciLCJtb2JpbGUiOiJyb3cifSwiY2VsbHNQZXJSb3ciOnsiZGVza3RvcCI6MSwidGFibGV0IjoxLCJtb2JpbGUiOjF9fX0sImJyZWFrcG9pbnRzIjp7ImRlc2t0b3AiOnsibmFtZSI6ImRlc2t0b3AiLCJ3aWR0aCI6MTAyNH0sInRhYmxldCI6eyJuYW1lIjoidGFibGV0Iiwid2lkdGgiOjcwMH0sIm1vYmlsZSI6eyJuYW1lIjoibW9iaWxlIiwid2lkdGgiOjMwMH19fQ==\" data-wptb-adaptive-table=\"0\" data-wptb-td-width-auto=\"10\" data-wptb-header-background-color=\"#de9d43\" data-table-columns=\"9\" data-wptb-even-row-background-color=\"\" data-wptb-odd-row-background-color=\"\"><tbody><tr class=\"wptb-row\" style=\"background-color: rgb(222, 157, 67);\" data-wptb-bg-color=\"#de9d43\"><td class=\"wptb-cell\" data-y-index=\"0\" data-x-index=\"0\" style=\"border-width: 1px;\" data-wptb-css-td-auto-width=\"true\" colspan=\"1\" rowspan=\"1\"><div class=\"wptb-text-container wptb-ph-element wptb-element-text-2\" style=\"font-size: 12px; color: rgb(255, 255, 255);\"><div class=\"\" style=\"position: relative;\"><p style=\"text-align: center;\"><strong>Modelo<\/strong><\/p><\/div><\/div><\/td><td class=\"wptb-cell\" style=\"border-width: 1px;\" data-x-index=\"1\" data-y-index=\"0\" data-wptb-css-td-auto-width=\"true\" colspan=\"3\" rowspan=\"1\"><div class=\"wptb-text-container wptb-ph-element wptb-element-text-1\" style=\"font-size: 12px; color: rgb(255, 255, 255);\"><div class=\"\" style=\"position: relative;\"><p style=\"text-align: center;\" class=\"\"><strong>Medidas Externas (m)<\/strong><\/p><\/div><\/div><\/td><td class=\"wptb-cell\" data-y-index=\"0\" data-x-index=\"4\" style=\"border-width: 1px;\" data-wptb-css-td-auto-width=\"true\" colspan=\"3\" rowspan=\"1\"><div class=\"wptb-text-container wptb-ph-element wptb-element-text-3\" style=\"font-size: 12px; color: rgb(255, 255, 255);\"><div class=\"\" style=\"position: relative;\"><p style=\"text-align: center;\"><strong>Medidas Internas (m)<\/strong><\/p><\/div><\/div><\/td><td class=\"wptb-cell\" data-y-index=\"0\" data-x-index=\"7\" style=\"border-width: 1px;\" data-wptb-css-td-auto-width=\"true\"><div class=\"wptb-text-container wptb-ph-element wptb-element-text-4\" style=\"font-size: 12px; color: rgb(255, 255, 255);\"><div class=\"\" style=\"position: relative;\"><p style=\"text-align: center;\" class=\"\"><strong>Peso (kg)<\/strong><\/p><\/div><\/div><\/td><td class=\"wptb-cell\" data-y-index=\"0\" data-x-index=\"8\" style=\"border-width: 1px;\" data-wptb-css-td-auto-width=\"true\"><div class=\"wptb-text-container wptb-ph-element wptb-element-text-5\" style=\"font-size: 11px; color: rgb(255, 255, 255);\"><div class=\"\" style=\"position: relative;\"><p style=\"text-align: center;\" class=\"\"><strong>Pot\u00eancia (kW)<\/strong><\/p><\/div><\/div><\/td><\/tr><tr class=\"wptb-row\" data-wptb-bg-color=\"\"><td class=\"wptb-cell\" data-y-index=\"1\" data-x-index=\"0\" style=\"border-width: 1px;\" data-wptb-css-td-auto-width=\"true\"><\/td><td class=\"wptb-cell\" data-y-index=\"1\" data-x-index=\"1\" style=\"border-width: 1px;\" data-wptb-css-td-auto-width=\"true\"><div class=\"wptb-text-container wptb-ph-element wptb-element-text-8\" style=\"font-size: 12px;\"><div class=\"\" style=\"position: relative;\"><p><strong>Largura<\/strong><\/p><\/div><\/div><\/td><td class=\"wptb-cell\" data-y-index=\"1\" data-x-index=\"2\" style=\"border-width: 1px;\" data-wptb-css-td-auto-width=\"true\"><div class=\"wptb-text-container wptb-ph-element wptb-element-text-9\" style=\"font-size: 12px;\"><div class=\"\" style=\"position: relative;\"><p><strong>Altura<\/strong><\/p><\/div><\/div><\/td><td class=\"wptb-cell\" data-y-index=\"1\" data-x-index=\"3\" style=\"border-width: 1px;\" data-wptb-css-td-auto-width=\"true\"><div class=\"wptb-text-container wptb-ph-element wptb-element-text-10\" style=\"font-size: 12px;\"><div class=\"\" style=\"position: relative;\"><p><strong>Prof.<\/strong><\/p><\/div><\/div><\/td><td class=\"wptb-cell\" data-y-index=\"1\" data-x-index=\"4\" style=\"border-width: 1px;\" data-wptb-css-td-auto-width=\"true\"><div class=\"wptb-text-container wptb-ph-element wptb-element-text-11\" style=\"font-size: 12px;\"><div class=\"\" style=\"position: relative;\"><p><strong>Largura<\/strong><\/p><\/div><\/div><\/td><td class=\"wptb-cell\" data-y-index=\"1\" data-x-index=\"5\" style=\"border-width: 1px;\" data-wptb-css-td-auto-width=\"true\"><div class=\"wptb-text-container wptb-ph-element wptb-element-text-12\" style=\"font-size: 12px;\"><div class=\"\" style=\"position: relative;\"><p><strong>Altura<\/strong><\/p><\/div><\/div><\/td><td class=\"wptb-cell\" data-y-index=\"1\" data-x-index=\"6\" style=\"border-width: 1px;\" data-wptb-css-td-auto-width=\"true\"><div class=\"wptb-text-container wptb-ph-element wptb-element-text-13\" style=\"font-size: 12px;\"><div class=\"\" style=\"position: relative;\"><p><strong>Prof.<\/strong><\/p><\/div><\/div><\/td><td class=\"wptb-cell\" data-y-index=\"1\" data-x-index=\"7\" style=\"border-width: 1px;\" data-wptb-css-td-auto-width=\"true\"><div class=\"wptb-text-container wptb-ph-element wptb-element-text-14\"><div class=\"\" style=\"position: relative;\"><\/div><\/div><\/td><td class=\"wptb-cell\" data-y-index=\"1\" data-x-index=\"8\" style=\"border-width: 1px;\" data-wptb-css-td-auto-width=\"true\"><div class=\"wptb-text-container wptb-ph-element wptb-element-text-16\"><div class=\"\" style=\"position: relative;\"><\/div><\/div><\/td><\/tr><tr class=\"wptb-row\" data-wptb-bg-color=\"\"><td class=\"wptb-cell\" data-y-index=\"2\" data-x-index=\"0\" style=\"border-width: 1px;\" data-wptb-css-td-auto-width=\"true\"><div class=\"wptb-text-container wptb-ph-element wptb-element-text-6\"><div class=\"\" style=\"position: relative;\"><p><strong>FLE<\/strong><\/p><\/div><\/div><\/td><td class=\"wptb-cell\" data-y-index=\"2\" data-x-index=\"1\" style=\"border-width: 1px;\" data-wptb-css-td-auto-width=\"true\"><div class=\"wptb-text-container wptb-ph-element wptb-element-text-17\"><div class=\"\" style=\"position: relative;\"><p>0,58<\/p><\/div><\/div><\/td><td class=\"wptb-cell\" data-y-index=\"2\" data-x-index=\"2\" style=\"border-width: 1px;\" data-wptb-css-td-auto-width=\"true\"><div class=\"wptb-text-container wptb-ph-element wptb-element-text-19\"><div class=\"\" style=\"position: relative;\"><p>0,44<\/p><\/div><\/div><\/td><td class=\"wptb-cell\" data-y-index=\"2\" data-x-index=\"3\" style=\"border-width: 1px;\" data-wptb-css-td-auto-width=\"true\"><div class=\"wptb-text-container wptb-ph-element wptb-element-text-21\"><div class=\"\" style=\"position: relative;\"><p>0,60<\/p><\/div><\/div><\/td><td class=\"wptb-cell\" data-y-index=\"2\" data-x-index=\"4\" style=\"border-width: 1px;\" data-wptb-css-td-auto-width=\"true\"><div class=\"wptb-text-container wptb-ph-element wptb-element-text-23\"><div class=\"\" style=\"position: relative;\"><p>0,40<\/p><\/div><\/div><\/td><td class=\"wptb-cell\" data-y-index=\"2\" data-x-index=\"5\" style=\"border-width: 1px;\" data-wptb-css-td-auto-width=\"true\"><div class=\"wptb-text-container wptb-ph-element wptb-element-text-25\"><div class=\"\" style=\"position: relative;\"><p>0,35<\/p><\/div><\/div><\/td><td class=\"wptb-cell\" data-y-index=\"2\" data-x-index=\"6\" style=\"border-width: 1px;\" data-wptb-css-td-auto-width=\"true\"><div class=\"wptb-text-container wptb-ph-element wptb-element-text-27\"><div class=\"\" style=\"position: relative;\"><p>0,38<\/p><\/div><\/div><\/td><td class=\"wptb-cell\" data-y-index=\"2\" data-x-index=\"7\" style=\"border-width: 1px;\" data-wptb-css-td-auto-width=\"true\"><div class=\"wptb-text-container wptb-ph-element wptb-element-text-15\"><div class=\"\" style=\"position: relative;\"><p>42<\/p><\/div><\/div><\/td><td class=\"wptb-cell\" data-y-index=\"2\" data-x-index=\"8\" style=\"border-width: 1px;\" data-wptb-css-td-auto-width=\"true\"><div class=\"wptb-text-container wptb-ph-element wptb-element-text-30\"><div class=\"\" style=\"position: relative;\"><p>3,0<\/p><\/div><\/div><\/td><\/tr><\/tbody><\/table><\/div><\/div><\/div><div class=\"btText\" ><p><iframe title=\"FORNO FERRI LIVORNO\" width=\"1200\" height=\"675\" src=\"https:\/\/www.youtube.com\/embed\/qZsOLcsantc?feature=oembed\" frameborder=\"0\" allow=\"accelerometer; autoplay; clipboard-write; encrypted-media; gyroscope; picture-in-picture\" allowfullscreen><\/iframe><\/p>\n<\/div><\/div><\/div><\/div><\/div><\/div><\/div><\/div><\/section><section id=\"bt_section69d17d6c19680\"  class=\"boldSection topSmallSpaced btDarkSkin btAccentColorBackground gutter boxed inherit\" ><div class=\"port\"><div class=\"boldCell\"><div class=\"boldCellInner\"><div class=\"boldRow \" ><div class=\"boldRowInner\"><div class=\"rowItem col-md-8 col-ms-12 btTextLeft animate animate-fadein btMiddleVertical\"  data-width=\"8\"><div class=\"rowItemContent\" ><header class=\"header btClear small  regular\" ><div class=\"dash\"><h4><span class=\"headline\">Quer saber sobre os pre\u00e7os e condi\u00e7\u00f5es de pagamento?<\/span><\/h4><\/div><\/header><div class=\"btClear btSeparator bottomSmallSpaced noBorder\" ><hr><\/div><\/div><\/div><div class=\"rowItem col-md-4 col-ms-12 btTextRight animate animate-fadein inherit\"  data-width=\"4\"><div class=\"rowItemContent\" ><a href=\"https:\/\/ederoliveira.com\/ferri\/contato\/\" class=\"btBtn btBtn btnFilledStyle btnNormalColor btnMedium btnNormalWidth btnRightPosition btnNoIcon\" ><span class=\"btnInnerText\">ENTRE EM CONTATO<\/span><\/a><div class=\"btClear btSeparator bottomSmallSpaced noBorder\" ><hr><\/div><\/div><\/div><\/div><\/div><\/div><\/div><\/div><\/section><\/div>","protected":false},"excerpt":{"rendered":"<p>\t\t\t\tCapitalise on low hanging fruit to identify a ballpark value added activity to beta test. Override the digital divide with additional clickthroughs.\t\t<\/p>\n","protected":false},"author":1,"featured_media":3285,"parent":3198,"menu_order":0,"comment_status":"closed","ping_status":"closed","template":"","meta":[],"_links":{"self":[{"href":"https:\/\/ederoliveira.com\/ferri\/wp-json\/wp\/v2\/pages\/3202"}],"collection":[{"href":"https:\/\/ederoliveira.com\/ferri\/wp-json\/wp\/v2\/pages"}],"about":[{"href":"https:\/\/ederoliveira.com\/ferri\/wp-json\/wp\/v2\/types\/page"}],"author":[{"embeddable":true,"href":"https:\/\/ederoliveira.com\/ferri\/wp-json\/wp\/v2\/users\/1"}],"replies":[{"embeddable":true,"href":"https:\/\/ederoliveira.com\/ferri\/wp-json\/wp\/v2\/comments?post=3202"}],"version-history":[{"count":39,"href":"https:\/\/ederoliveira.com\/ferri\/wp-json\/wp\/v2\/pages\/3202\/revisions"}],"predecessor-version":[{"id":4189,"href":"https:\/\/ederoliveira.com\/ferri\/wp-json\/wp\/v2\/pages\/3202\/revisions\/4189"}],"up":[{"embeddable":true,"href":"https:\/\/ederoliveira.com\/ferri\/wp-json\/wp\/v2\/pages\/3198"}],"wp:featuredmedia":[{"embeddable":true,"href":"https:\/\/ederoliveira.com\/ferri\/wp-json\/wp\/v2\/media\/3285"}],"wp:attachment":[{"href":"https:\/\/ederoliveira.com\/ferri\/wp-json\/wp\/v2\/media?parent=3202"}],"curies":[{"name":"wp","href":"https:\/\/api.w.org\/{rel}","templated":true}]}}